{"id":398,"date":"2025-07-07T08:39:15","date_gmt":"2025-07-07T08:39:15","guid":{"rendered":"https:\/\/muncitori-straini.ro\/?page_id=398"},"modified":"2025-11-17T14:10:17","modified_gmt":"2025-11-17T12:10:17","slug":"recrutare-muncitori-straini","status":"publish","type":"page","link":"https:\/\/usv4.xat.ro\/index.php\/recrutare-muncitori-straini\/","title":{"rendered":"Recrutare muncitori straini"},"content":{"rendered":"\t\t<div data-elementor-type=\"wp-page\" data-elementor-id=\"398\" class=\"elementor elementor-398\">\n\t\t\t\t<div class=\"elementor-element elementor-element-7083dba e-flex e-con-boxed e-con e-parent\" data-id=\"7083dba\" data-element_type=\"container\">\n\t\t\t\t\t<div class=\"e-con-inner\">\n\t\t\t\t<div class=\"elementor-element elementor-element-1decd4c elementor-widget elementor-widget-heading\" data-id=\"1decd4c\" data-element_type=\"widget\" data-widget_type=\"heading.default\">\n\t\t\t\t\t<h2 class=\"elementor-heading-title elementor-size-default\"><b style=\"font-size: 32px\">Dac\u0103 te confrun\u021bi cu dificult\u0103\u021bi \u00een g\u0103sirea muncitorilor potrivi\u021bi pentru business-ul t\u0103u, ai ajuns unde trebuie!<\/b><\/h2>\t\t\t\t<\/div>\n\t\t\t\t\t<\/div>\n\t\t\t\t<\/div>\n\t\t<div class=\"elementor-element elementor-element-e938e09 e-flex e-con-boxed e-con e-parent\" data-id=\"e938e09\" data-element_type=\"container\">\n\t\t\t\t\t<div class=\"e-con-inner\">\n\t\t\t\t<div class=\"elementor-element elementor-element-c15abcf elementor-widget elementor-widget-image\" data-id=\"c15abcf\" data-element_type=\"widget\" data-widget_type=\"image.default\">\n\t\t\t\t\t\t\t\t\t\t\t\t\t\t\t<img fetchpriority=\"high\" decoding=\"async\" width=\"1024\" height=\"608\" src=\"https:\/\/usv4.xat.ro\/wp-content\/uploads\/2025\/10\/Heading-1-1024x608.jpg\" class=\"attachment-large size-large wp-image-1236\" alt=\"\" srcset=\"https:\/\/usv4.xat.ro\/wp-content\/uploads\/2025\/10\/Heading-1-1024x608.jpg 1024w, https:\/\/usv4.xat.ro\/wp-content\/uploads\/2025\/10\/Heading-1-300x178.jpg 300w, https:\/\/usv4.xat.ro\/wp-content\/uploads\/2025\/10\/Heading-1-768x456.jpg 768w, https:\/\/usv4.xat.ro\/wp-content\/uploads\/2025\/10\/Heading-1.jpg 1289w\" sizes=\"(max-width: 1024px) 100vw, 1024px\" \/>\t\t\t\t\t\t\t\t\t\t\t\t\t\t\t<\/div>\n\t\t\t\t\t<\/div>\n\t\t\t\t<\/div>\n\t\t<div class=\"elementor-element elementor-element-fd209d3 e-con-full e-flex e-con e-parent\" data-id=\"fd209d3\" data-element_type=\"container\">\n\t\t\t\t<div class=\"elementor-element elementor-element-5d8aa10 elementor-widget elementor-widget-spacer\" data-id=\"5d8aa10\" data-element_type=\"widget\" data-widget_type=\"spacer.default\">\n\t\t\t\t\t\t\t<div class=\"elementor-spacer\">\n\t\t\t<div class=\"elementor-spacer-inner\"><\/div>\n\t\t<\/div>\n\t\t\t\t\t\t<\/div>\n\t\t\t\t<\/div>\n\t\t<div class=\"elementor-element elementor-element-017d730 e-flex e-con-boxed e-con e-parent\" data-id=\"017d730\" data-element_type=\"container\">\n\t\t\t\t\t<div class=\"e-con-inner\">\n\t\t\t\t<div class=\"elementor-element elementor-element-ac35419 elementor-widget elementor-widget-heading\" data-id=\"ac35419\" data-element_type=\"widget\" data-widget_type=\"heading.default\">\n\t\t\t\t\t<h2 class=\"elementor-heading-title elementor-size-default\"><b style=\"font-size: 36px\">RECRUT\u0102M PENTRU TINE MUNCITORI STR\u0102INI DIN ASIA \u0218I AFRICA!<\/b><\/h2>\t\t\t\t<\/div>\n\t\t\t\t\t<\/div>\n\t\t\t\t<\/div>\n\t\t<div class=\"elementor-element elementor-element-e030476 e-flex e-con-boxed e-con e-parent\" data-id=\"e030476\" data-element_type=\"container\">\n\t\t\t\t\t<div class=\"e-con-inner\">\n\t\t\t\t<div class=\"elementor-element elementor-element-891e7ed elementor-widget elementor-widget-spacer\" data-id=\"891e7ed\" data-element_type=\"widget\" data-widget_type=\"spacer.default\">\n\t\t\t\t\t\t\t<div class=\"elementor-spacer\">\n\t\t\t<div class=\"elementor-spacer-inner\"><\/div>\n\t\t<\/div>\n\t\t\t\t\t\t<\/div>\n\t\t\t\t\t<\/div>\n\t\t\t\t<\/div>\n\t\t<div class=\"elementor-element elementor-element-abb1eb0 e-flex e-con-boxed e-con e-parent\" data-id=\"abb1eb0\" data-element_type=\"container\">\n\t\t\t\t\t<div class=\"e-con-inner\">\n\t\t\t\t<div class=\"elementor-element elementor-element-7c487bf elementor-widget elementor-widget-heading\" data-id=\"7c487bf\" data-element_type=\"widget\" data-widget_type=\"heading.default\">\n\t\t\t\t\t<h2 class=\"elementor-heading-title elementor-size-default\"><b style=\"font-size: 32px\">NE OCUP\u0102M DE TOATE FORMALIT\u0102\u021aILE \u00ceN LOCUL T\u0102U!<\/b><\/h2>\t\t\t\t<\/div>\n\t\t\t\t\t<\/div>\n\t\t\t\t<\/div>\n\t\t<div class=\"elementor-element elementor-element-da6c174 e-con-full e-flex e-con e-parent\" data-id=\"da6c174\" data-element_type=\"container\">\n\t\t\t\t<div class=\"elementor-element elementor-element-26eeb6bd elementor-widget__width-initial elementor-widget elementor-widget-text-editor\" data-id=\"26eeb6bd\" data-element_type=\"widget\" data-widget_type=\"text-editor.default\">\n\t\t\t\t\t\t\t\t\t<div>\n<p style=\"font-size: 18px;\">Aleg\u00e2nd muncitori str\u0103ini pentru business-ul t\u0103u, vei reu\u0219i s\u0103 duci la bun sf\u00e2r\u0219it contractele \u00eencheiate, dar \u0219i s\u0103 \u00eenchei altele noi \u0219i astfel s\u0103-\u021bi extinzi business-ul.<\/p>\n<\/div>\n<div>\n<div data-id=\"eb-row-k1u0r4x\">\n<div>\n<div data-id=\"eb-advance-heading-9x4hnqf\">\n<p style=\"font-size: 18px;\">Vei fi surprins s\u0103 descoperi calit\u0103\u021bile majore ale muncitorilor str\u0103ini: stabilitatea \u0219i loialitatea, h\u0103rnicia (obi\u0219nui\u021bi cu munca grea) \u0219i disciplina (respect\u0103 regulile \u0219i procedurile de lucru).<\/p>\n<p style=\"font-size: 18px;\">Tu te ocupi de oameni si business, noi de acte!<\/p>\n<h6><a style=\"font-family: Roboto; font-size: 1rem;\" href=\"https:\/\/muncitori-straini.ro\/contact\/\">Cere ofert\u0103!<\/a><\/h6>\n<\/div>\n<\/div>\n<div>\n<div>\n<div>\n<div>\n<div>\n<div>\n<figure data-id=\"eb-advanced-image-e0jegwp\">\n<div>\n<h6><img decoding=\"async\" class=\"size-medium wp-image-1096\" src=\"https:\/\/muncitori-straini.ro\/wp-content\/uploads\/2025\/10\/istockphoto-1170698387-612x612-1-300x200.jpg\" alt=\"\" width=\"300\" height=\"200\" srcset=\"https:\/\/usv4.xat.ro\/wp-content\/uploads\/2025\/10\/istockphoto-1170698387-612x612-1-300x200.jpg 300w, https:\/\/usv4.xat.ro\/wp-content\/uploads\/2025\/10\/istockphoto-1170698387-612x612-1.jpg 612w\" sizes=\"(max-width: 300px) 100vw, 300px\" \/>\u00a0 \u00a0 \u00a0 \u00a0 \u00a0 \u00a0 \u00a0 \u00a0 \u00a0 \u00a0 \u00a0 \u00a0\u00a0<img decoding=\"async\" class=\"size-medium wp-image-1095\" src=\"https:\/\/muncitori-straini.ro\/wp-content\/uploads\/2025\/10\/istockphoto-1210182341-612x612-1-300x200.jpg\" alt=\"\" width=\"300\" height=\"200\" srcset=\"https:\/\/usv4.xat.ro\/wp-content\/uploads\/2025\/10\/istockphoto-1210182341-612x612-1-300x200.jpg 300w, https:\/\/usv4.xat.ro\/wp-content\/uploads\/2025\/10\/istockphoto-1210182341-612x612-1.jpg 612w\" sizes=\"(max-width: 300px) 100vw, 300px\" \/>\u00a0<span style=\"font-family: Roboto; font-size: 2.5rem; font-weight: bold;\">\u00a0 \u00a0 \u00a0 \u00a0 \u00a0 \u00a0 \u00a0 \u00a0 \u00a0 \u00a0 \u00a0 \u00a0 \u00a0 \u00a0 \u00a0<\/span><span style=\"font-family: Roboto; font-size: 40px;\">\u00centreb\u0103ri frecvente:<\/span><\/h6>\n<h1><strong style=\"font-size: 32px;\">Ce condi\u021bii legale trebuie s\u0103 \u00eendepline\u0219ti ca angajator pentru a angaja muncitori str\u0103ini?<\/strong><\/h1>\n<\/div>\n<\/figure>\n<\/div>\n<\/div>\n<\/div>\n<\/div>\n<\/div>\n<\/div>\n<\/div>\n<\/div>\n<div>\n<div>\n<div>\n<div>\n<div>\n<div>\n<div>\n<div data-id=\"eb-row-2fg01ol\">\n<div>\n<div>\n<div>\n<div>\n<div>\n<div>\n<div>\n<div>\n<div data-id=\"eb-advance-heading-5gkaolg\">\n<p style=\"font-size: 18px;\">\u00a0&#8211; S\u0103 nu ai datorii la bugetul de stat;<\/p>\n<p style=\"font-size: 18px;\">\u00a0&#8211; S\u0103 desf\u0103\u0219ori activit\u0103\u021bi economice relevante pentru func\u021bia vizat\u0103 (de cel pu\u021bin 1 an) \u0219i s\u0103 ai codul CAEN potrivit\u00a0pentru activit\u0103\u021bile desf\u0103\u0219urate;<\/p>\n<p style=\"font-size: 18px;\">\u00a0&#8211; S\u0103 nu fi fost sanc\u021bionat \u00een ultimele 6 luni pentru munc\u0103 nedeclarat\u0103 sau angajare ilegal\u0103.<\/p>\n<h6><strong style=\"font-size: 32px;\">Ce condi\u021bii trebuie s\u0103 \u00eendeplineasc\u0103 lucr\u0103torul str\u0103in?<\/strong><\/h6>\n<\/div>\n<\/div>\n<\/div>\n<\/div>\n<\/div>\n<\/div>\n<\/div>\n<\/div>\n<\/div>\n<\/div>\n<\/div>\n<\/div>\n<\/div>\n<\/div>\n<\/div>\n<\/div>\n<div>\n<div>\n<div>\n<div>\n<div>\n<div>\n<div data-id=\"eb-row-p56l3\">\n<div>\n<div>\n<div>\n<div>\n<div>\n<div>\n<div>\n<div>\n<div data-id=\"eb-advance-heading-lmi83\">\n<p style=\"font-size: 18px;\">\u00a0&#8211; S\u0103 aib\u0103 preg\u0103tirea profesional\u0103, experien\u021ba sau autoriza\u021biile necesare pentru func\u021bia respectiv\u0103;<\/p>\n<p style=\"font-size: 18px;\">\u00a0&#8211; S\u0103 fac\u0103 dovada c\u0103 este apt din punct de vedere medical pentru activitatea ce urmeaz\u0103 a fi desf\u0103\u0219urat\u0103;<\/p>\n<p style=\"font-size: 18px;\">\u00a0&#8211; S\u0103 nu aib\u0103 antecedente penale incompatibile cu activitatea desf\u0103\u0219urat\u0103 pe teritoriul Rom\u00e2niei.<\/p>\n<h6><strong style=\"font-size: 32px;\">Din ce \u021b\u0103ri putem recruta pentru tine?<\/strong><\/h6>\n<\/div>\n<\/div>\n<\/div>\n<\/div>\n<\/div>\n<\/div>\n<\/div>\n<\/div>\n<\/div>\n<\/div>\n<\/div>\n<\/div>\n<\/div>\n<\/div>\n<\/div>\n<\/div>\n<div>\n<div>\n<div>\n<div>\n<div>\n<div>\n<div data-id=\"eb-row-lqlun\">\n<div>\n<div>\n<div>\n<div>\n<div>\n<div>\n<p style=\"font-size: 18px;\">\u00a0\u00cen prezent, recrut\u0103m din Nepal, India, Filipine, Vietnam, Bangladesh, Gana, Uganda, Kenia, Etiopia \u0219i Nigeria.<\/p>\n<h6><strong style=\"font-size: 32px;\"><strong>Care sunt etapele colabor\u0103rii noastre?<\/strong><\/strong><\/h6>\n<\/div>\n<\/div>\n<\/div>\n<\/div>\n<\/div>\n<\/div>\n<\/div>\n<\/div>\n<\/div>\n<\/div>\n<\/div>\n<\/div>\n<\/div>\n<div>\n<div>\n<div>\n<div>\n<div>\n<div>\n<div data-id=\"eb-row-mep6t\">\n<div>\n<div>\n<div>\n<div>\n<div>\n<div>\n<div>\n<div>\n<div data-id=\"eb-advance-heading-i9l18\">\n<p style=\"font-size: 18px;\">\u00a0&#8211; Semn\u0103m contractul de prest\u0103ri servicii;<\/p>\n<p style=\"font-size: 18px;\">\u00a0&#8211; Stabilim profilul angajatului dorit:<\/p>\n<p style=\"font-size: 18px;\">\u00a0&#8211; Facem selec\u021bia candida\u021bilor;<\/p>\n<p style=\"font-size: 18px;\">\u00a0&#8211; Ob\u021binem avizul de munc\u0103;<\/p>\n<p style=\"font-size: 18px;\">\u00a0&#8211; Ob\u021binem viza de lung\u0103 \u0219edere \u00een scop de munc\u0103;<\/p>\n<p style=\"font-size: 18px;\">\u00a0&#8211; Organiz\u0103m deplasarea muncitorilor str\u0103ini \u00een Rom\u00e2nia;<\/p>\n<p style=\"font-size: 18px;\">\u00a0&#8211; Ob\u021binem permisele de \u0219edere temporar\u0103<\/p>\n<h6><strong style=\"font-size: 32px;\">Care sunt costurile dac\u0103 colaborezi cu noi?<\/strong><\/h6>\n<p style=\"font-size: 18px;\">\u00a0Comisionul nostru se stabile\u0219te \u00een func\u021bie de num\u0103rul de muncitori recruta\u021bi \u0219i na\u021bionalitatea acestora.\u00a0<\/p>\n<p><a style=\"font-family: Roboto; font-size: 1rem;\" href=\"https:\/\/muncitori-straini.ro\/contact\/\"><b>Cere ofert\u0103!<\/b><\/a><\/p>\n<\/div>\n<\/div>\n<\/div>\n<\/div>\n<\/div>\n<\/div>\n<\/div>\n<\/div>\n<\/div>\n<\/div>\n<\/div>\n<\/div>\n<\/div>\n<\/div>\n<\/div>\n<\/div>\n<div>\n<div>\n<div>\n<div>\n<div>\n<div>\n<div data-id=\"eb-row-6r6114c\">\n<div>\n<div>\n<div>\n<div>\n<div>\n<div>\n<div>\n<div>\n<div data-id=\"eb-advance-heading-dm9glh2\">\n<h2 style=\"font-size: 32px;\">Care sunt beneficiile tale dac\u0103 colaborezi cu noi ?<\/h2>\n<p style=\"font-size: 18px;\">\u00a0&#8211; Consultan\u021b\u0103 gratuit\u0103 pe tot parcursul procesului de recrutare \u0219i angajare;<\/p>\n<p style=\"font-size: 18px;\">\u00a0&#8211; Ob\u021binem gratuit pentru tine toate documentele necesare: avize de munc\u0103, vize \u0219i permise de \u0219edere;<\/p>\n<p style=\"font-size: 18px;\">\u00a0&#8211; Organiz\u0103m deplasarea muncitorilor str\u0103ini p\u00e2n\u0103 \u00een Rom\u00e2nia (p\u00e2n\u0103 la aeroportul de sosire) \u2014 suport\u0103m inclusiv biletele de avion;<\/p>\n<p style=\"font-size: 18px;\">\u00a0&#8211; Oferim o garan\u021bie de 12 &#8211; 24 de luni: \u00eenlocuim gratuit (0 comision, 0 taxe) orice muncitor care pleac\u0103 sau este concediat \u00een acest interval de timp.<\/p>\n<\/div>\n<\/div>\n<\/div>\n<\/div>\n<\/div>\n<\/div>\n<\/div>\n<\/div>\n<\/div>\n<\/div>\n<\/div>\n<\/div>\n<\/div>\n<\/div>\n<\/div>\n<\/div>\n<\/div>\n<div>\n<div data-id=\"eb-row-hlcxz2h\">\n<div>\n<div data-id=\"eb-row-hlcxz2h\">\n<p><img loading=\"lazy\" decoding=\"async\" class=\"size-medium wp-image-1169\" src=\"https:\/\/muncitori-straini.ro\/wp-content\/uploads\/2025\/10\/istockphoto-1774039020-612x612-1-300x200.jpg\" alt=\"\" width=\"300\" height=\"200\" srcset=\"https:\/\/usv4.xat.ro\/wp-content\/uploads\/2025\/10\/istockphoto-1774039020-612x612-1-300x200.jpg 300w, https:\/\/usv4.xat.ro\/wp-content\/uploads\/2025\/10\/istockphoto-1774039020-612x612-1.jpg 612w\" sizes=\"(max-width: 300px) 100vw, 300px\" \/>\u00a0 \u00a0 \u00a0 \u00a0 \u00a0 \u00a0 \u00a0\u00a0<img loading=\"lazy\" decoding=\"async\" class=\"size-medium wp-image-1094\" src=\"https:\/\/muncitori-straini.ro\/wp-content\/uploads\/2025\/10\/istockphoto-1179565637-612x612-1-300x200.jpg\" alt=\"\" width=\"300\" height=\"200\" srcset=\"https:\/\/usv4.xat.ro\/wp-content\/uploads\/2025\/10\/istockphoto-1179565637-612x612-1-300x200.jpg 300w, https:\/\/usv4.xat.ro\/wp-content\/uploads\/2025\/10\/istockphoto-1179565637-612x612-1.jpg 612w\" sizes=\"(max-width: 300px) 100vw, 300px\" \/><\/p>\n<h2 style=\"font-size: 32px;\">Solicit\u0103 o ofert\u0103 personalizat\u0103!<\/h2>\n<\/div>\n<\/div>\n<div>\n<div>\n<div>\n<div data-id=\"eb-advance-heading-l9fbebj\">\n<p style=\"font-size: 18px;\">\u00a0Dac\u0103 \u00ee\u021bi dore\u0219ti s\u0103-\u021bi dezvol\u021bi afacerea, dar te confrun\u021bi cu lipsa personalului<span style=\"font-weight: normal;\"> sau\u00a0<\/span>cu fluctua\u021bia angaja\u021bilor,\u00a0<b>las\u0103-ne un mesaj!<\/b><\/p>\n<h3><a style=\"font-family: Roboto; font-size: 1rem;\" href=\"https:\/\/muncitori-straini.ro\/contact\/\" rel=\"noopener\">Contact<\/a><\/h3>\n<\/div>\n<\/div>\n<\/div>\n<\/div>\n<\/div>\n<\/div>\n<div>\n<div>\n<p><!-- \/wp:essential-blocks\/button --><\/p>\n<\/div>\n<p><!-- \/wp:essential-blocks\/wrapper --><\/p>\n<\/div>\n<p><!-- \/wp:essential-blocks\/wrapper --><\/p>\t\t\t\t\t\t\t\t<\/div>\n\t\t\t\t<\/div>\n\t\t<div class=\"elementor-element elementor-element-45f69bb e-flex e-con-boxed e-con e-parent\" data-id=\"45f69bb\" data-element_type=\"container\">\n\t\t\t\t\t<div class=\"e-con-inner\">\n\t\t\t\t<div class=\"elementor-element elementor-element-e36f06b elementor-widget elementor-widget-image\" data-id=\"e36f06b\" data-element_type=\"widget\" data-widget_type=\"image.default\">\n\t\t\t\t\t\t\t\t\t\t\t\t\t\t\t<img loading=\"lazy\" decoding=\"async\" width=\"300\" height=\"256\" src=\"https:\/\/usv4.xat.ro\/wp-content\/uploads\/2025\/07\/people-shaking-cooperation-business-inspiring-scaled-1-300x256.jpg\" class=\"attachment-medium size-medium wp-image-428\" alt=\"\" srcset=\"https:\/\/usv4.xat.ro\/wp-content\/uploads\/2025\/07\/people-shaking-cooperation-business-inspiring-scaled-1-300x256.jpg 300w, https:\/\/usv4.xat.ro\/wp-content\/uploads\/2025\/07\/people-shaking-cooperation-business-inspiring-scaled-1-1024x874.jpg 1024w, https:\/\/usv4.xat.ro\/wp-content\/uploads\/2025\/07\/people-shaking-cooperation-business-inspiring-scaled-1-768x656.jpg 768w, https:\/\/usv4.xat.ro\/wp-content\/uploads\/2025\/07\/people-shaking-cooperation-business-inspiring-scaled-1-1536x1311.jpg 1536w, https:\/\/usv4.xat.ro\/wp-content\/uploads\/2025\/07\/people-shaking-cooperation-business-inspiring-scaled-1-2048x1748.jpg 2048w\" sizes=\"(max-width: 300px) 100vw, 300px\" \/>\t\t\t\t\t\t\t\t\t\t\t\t\t\t\t<\/div>\n\t\t\t\t\t<\/div>\n\t\t\t\t<\/div>\n\t\t<div class=\"elementor-element elementor-element-cf8cf49 e-flex e-con-boxed e-con e-parent\" data-id=\"cf8cf49\" data-element_type=\"container\">\n\t\t\t\t\t<div class=\"e-con-inner\">\n\t\t\t\t<div class=\"elementor-element elementor-element-16fb06d elementor-widget elementor-widget-spacer\" data-id=\"16fb06d\" data-element_type=\"widget\" data-widget_type=\"spacer.default\">\n\t\t\t\t\t\t\t<div class=\"elementor-spacer\">\n\t\t\t<div class=\"elementor-spacer-inner\"><\/div>\n\t\t<\/div>\n\t\t\t\t\t\t<\/div>\n\t\t\t\t\t<\/div>\n\t\t\t\t<\/div>\n\t\t\t\t<\/div>\n\t\t","protected":false},"excerpt":{"rendered":"<p>Dac\u0103 te confrun\u021bi cu dificult\u0103\u021bi \u00een g\u0103sirea muncitorilor potrivi\u021bi pentru business-ul t\u0103u, ai ajuns unde trebuie! RECRUT\u0102M PENTRU TINE MUNCITORI STR\u0102INI DIN ASIA \u0218I AFRICA! NE OCUP\u0102M DE TOATE FORMALIT\u0102\u021aILE \u00ceN LOCUL T\u0102U! Aleg\u00e2nd muncitori str\u0103ini pentru business-ul t\u0103u, vei reu\u0219i s\u0103 duci la bun sf\u00e2r\u0219it contractele \u00eencheiate, dar \u0219i s\u0103 \u00eenchei altele noi \u0219i [&hellip;]<\/p>\n","protected":false},"author":1,"featured_media":342,"parent":0,"menu_order":0,"comment_status":"closed","ping_status":"closed","template":"","meta":{"footnotes":""},"class_list":["post-398","page","type-page","status-publish","has-post-thumbnail","hentry"],"yoast_head":"<!-- This site is optimized with the Yoast SEO plugin v26.3 - https:\/\/yoast.com\/wordpress\/plugins\/seo\/ -->\n<title>Recrutare muncitori straini - Muncitori straini<\/title>\n<meta name=\"robots\" content=\"noindex, follow, max-snippet:-1, max-image-preview:large, max-video-preview:-1\" \/>\n<meta property=\"og:locale\" content=\"ro_RO\" \/>\n<meta property=\"og:type\" content=\"article\" \/>\n<meta property=\"og:title\" content=\"Recrutare muncitori straini - Muncitori straini\" \/>\n<meta property=\"og:description\" content=\"Dac\u0103 te confrun\u021bi cu dificult\u0103\u021bi \u00een g\u0103sirea muncitorilor potrivi\u021bi pentru business-ul t\u0103u, ai ajuns unde trebuie! RECRUT\u0102M PENTRU TINE MUNCITORI STR\u0102INI DIN ASIA \u0218I AFRICA! NE OCUP\u0102M DE TOATE FORMALIT\u0102\u021aILE \u00ceN LOCUL T\u0102U! Aleg\u00e2nd muncitori str\u0103ini pentru business-ul t\u0103u, vei reu\u0219i s\u0103 duci la bun sf\u00e2r\u0219it contractele \u00eencheiate, dar \u0219i s\u0103 \u00eenchei altele noi \u0219i [&hellip;]\" \/>\n<meta property=\"og:url\" content=\"https:\/\/usv4.xat.ro\/index.php\/recrutare-muncitori-straini\/\" \/>\n<meta property=\"og:site_name\" content=\"Muncitori straini\" \/>\n<meta property=\"article:modified_time\" content=\"2025-11-17T12:10:17+00:00\" \/>\n<meta property=\"og:image\" content=\"https:\/\/usv4.xat.ro\/wp-content\/uploads\/2025\/07\/workers-examining-work-scaled-1.jpg\" \/>\n\t<meta property=\"og:image:width\" content=\"2560\" \/>\n\t<meta property=\"og:image:height\" content=\"1707\" \/>\n\t<meta property=\"og:image:type\" content=\"image\/jpeg\" \/>\n<meta name=\"twitter:card\" content=\"summary_large_image\" \/>\n<meta name=\"twitter:label1\" content=\"Timp estimat pentru citire\" \/>\n\t<meta name=\"twitter:data1\" content=\"2 minute\" \/>\n<script type=\"application\/ld+json\" class=\"yoast-schema-graph\">{\"@context\":\"https:\/\/schema.org\",\"@graph\":[{\"@type\":\"WebPage\",\"@id\":\"https:\/\/usv4.xat.ro\/index.php\/recrutare-muncitori-straini\/\",\"url\":\"https:\/\/usv4.xat.ro\/index.php\/recrutare-muncitori-straini\/\",\"name\":\"Recrutare muncitori straini - Muncitori straini\",\"isPartOf\":{\"@id\":\"https:\/\/usv4.xat.ro\/#website\"},\"primaryImageOfPage\":{\"@id\":\"https:\/\/usv4.xat.ro\/index.php\/recrutare-muncitori-straini\/#primaryimage\"},\"image\":{\"@id\":\"https:\/\/usv4.xat.ro\/index.php\/recrutare-muncitori-straini\/#primaryimage\"},\"thumbnailUrl\":\"https:\/\/usv4.xat.ro\/wp-content\/uploads\/2025\/07\/workers-examining-work-scaled-1.jpg\",\"datePublished\":\"2025-07-07T08:39:15+00:00\",\"dateModified\":\"2025-11-17T12:10:17+00:00\",\"breadcrumb\":{\"@id\":\"https:\/\/usv4.xat.ro\/index.php\/recrutare-muncitori-straini\/#breadcrumb\"},\"inLanguage\":\"ro-RO\",\"potentialAction\":[{\"@type\":\"ReadAction\",\"target\":[\"https:\/\/usv4.xat.ro\/index.php\/recrutare-muncitori-straini\/\"]}]},{\"@type\":\"ImageObject\",\"inLanguage\":\"ro-RO\",\"@id\":\"https:\/\/usv4.xat.ro\/index.php\/recrutare-muncitori-straini\/#primaryimage\",\"url\":\"https:\/\/usv4.xat.ro\/wp-content\/uploads\/2025\/07\/workers-examining-work-scaled-1.jpg\",\"contentUrl\":\"https:\/\/usv4.xat.ro\/wp-content\/uploads\/2025\/07\/workers-examining-work-scaled-1.jpg\",\"width\":2560,\"height\":1707,\"caption\":\"muncitori straini in constructii\"},{\"@type\":\"BreadcrumbList\",\"@id\":\"https:\/\/usv4.xat.ro\/index.php\/recrutare-muncitori-straini\/#breadcrumb\",\"itemListElement\":[{\"@type\":\"ListItem\",\"position\":1,\"name\":\"Prima pagin\u0103\",\"item\":\"https:\/\/usv4.xat.ro\/\"},{\"@type\":\"ListItem\",\"position\":2,\"name\":\"Recrutare muncitori straini\"}]},{\"@type\":\"WebSite\",\"@id\":\"https:\/\/usv4.xat.ro\/#website\",\"url\":\"https:\/\/usv4.xat.ro\/\",\"name\":\"Muncitori straini\",\"description\":\"\",\"publisher\":{\"@id\":\"https:\/\/usv4.xat.ro\/#organization\"},\"potentialAction\":[{\"@type\":\"SearchAction\",\"target\":{\"@type\":\"EntryPoint\",\"urlTemplate\":\"https:\/\/usv4.xat.ro\/?s={search_term_string}\"},\"query-input\":{\"@type\":\"PropertyValueSpecification\",\"valueRequired\":true,\"valueName\":\"search_term_string\"}}],\"inLanguage\":\"ro-RO\"},{\"@type\":\"Organization\",\"@id\":\"https:\/\/usv4.xat.ro\/#organization\",\"name\":\"Muncitori straini\",\"url\":\"https:\/\/usv4.xat.ro\/\",\"logo\":{\"@type\":\"ImageObject\",\"inLanguage\":\"ro-RO\",\"@id\":\"https:\/\/usv4.xat.ro\/#\/schema\/logo\/image\/\",\"url\":\"https:\/\/usv4.xat.ro\/wp-content\/uploads\/2025\/07\/image-Photoroom.png\",\"contentUrl\":\"https:\/\/usv4.xat.ro\/wp-content\/uploads\/2025\/07\/image-Photoroom.png\",\"width\":500,\"height\":500,\"caption\":\"Muncitori straini\"},\"image\":{\"@id\":\"https:\/\/usv4.xat.ro\/#\/schema\/logo\/image\/\"}}]}<\/script>\n<!-- \/ Yoast SEO plugin. -->","yoast_head_json":{"title":"Recrutare muncitori straini - Muncitori straini","robots":{"index":"noindex","follow":"follow","max-snippet":"max-snippet:-1","max-image-preview":"max-image-preview:large","max-video-preview":"max-video-preview:-1"},"og_locale":"ro_RO","og_type":"article","og_title":"Recrutare muncitori straini - Muncitori straini","og_description":"Dac\u0103 te confrun\u021bi cu dificult\u0103\u021bi \u00een g\u0103sirea muncitorilor potrivi\u021bi pentru business-ul t\u0103u, ai ajuns unde trebuie! RECRUT\u0102M PENTRU TINE MUNCITORI STR\u0102INI DIN ASIA \u0218I AFRICA! NE OCUP\u0102M DE TOATE FORMALIT\u0102\u021aILE \u00ceN LOCUL T\u0102U! Aleg\u00e2nd muncitori str\u0103ini pentru business-ul t\u0103u, vei reu\u0219i s\u0103 duci la bun sf\u00e2r\u0219it contractele \u00eencheiate, dar \u0219i s\u0103 \u00eenchei altele noi \u0219i [&hellip;]","og_url":"https:\/\/usv4.xat.ro\/index.php\/recrutare-muncitori-straini\/","og_site_name":"Muncitori straini","article_modified_time":"2025-11-17T12:10:17+00:00","og_image":[{"width":2560,"height":1707,"url":"https:\/\/usv4.xat.ro\/wp-content\/uploads\/2025\/07\/workers-examining-work-scaled-1.jpg","type":"image\/jpeg"}],"twitter_card":"summary_large_image","twitter_misc":{"Timp estimat pentru citire":"2 minute"},"schema":{"@context":"https:\/\/schema.org","@graph":[{"@type":"WebPage","@id":"https:\/\/usv4.xat.ro\/index.php\/recrutare-muncitori-straini\/","url":"https:\/\/usv4.xat.ro\/index.php\/recrutare-muncitori-straini\/","name":"Recrutare muncitori straini - Muncitori straini","isPartOf":{"@id":"https:\/\/usv4.xat.ro\/#website"},"primaryImageOfPage":{"@id":"https:\/\/usv4.xat.ro\/index.php\/recrutare-muncitori-straini\/#primaryimage"},"image":{"@id":"https:\/\/usv4.xat.ro\/index.php\/recrutare-muncitori-straini\/#primaryimage"},"thumbnailUrl":"https:\/\/usv4.xat.ro\/wp-content\/uploads\/2025\/07\/workers-examining-work-scaled-1.jpg","datePublished":"2025-07-07T08:39:15+00:00","dateModified":"2025-11-17T12:10:17+00:00","breadcrumb":{"@id":"https:\/\/usv4.xat.ro\/index.php\/recrutare-muncitori-straini\/#breadcrumb"},"inLanguage":"ro-RO","potentialAction":[{"@type":"ReadAction","target":["https:\/\/usv4.xat.ro\/index.php\/recrutare-muncitori-straini\/"]}]},{"@type":"ImageObject","inLanguage":"ro-RO","@id":"https:\/\/usv4.xat.ro\/index.php\/recrutare-muncitori-straini\/#primaryimage","url":"https:\/\/usv4.xat.ro\/wp-content\/uploads\/2025\/07\/workers-examining-work-scaled-1.jpg","contentUrl":"https:\/\/usv4.xat.ro\/wp-content\/uploads\/2025\/07\/workers-examining-work-scaled-1.jpg","width":2560,"height":1707,"caption":"muncitori straini in constructii"},{"@type":"BreadcrumbList","@id":"https:\/\/usv4.xat.ro\/index.php\/recrutare-muncitori-straini\/#breadcrumb","itemListElement":[{"@type":"ListItem","position":1,"name":"Prima pagin\u0103","item":"https:\/\/usv4.xat.ro\/"},{"@type":"ListItem","position":2,"name":"Recrutare muncitori straini"}]},{"@type":"WebSite","@id":"https:\/\/usv4.xat.ro\/#website","url":"https:\/\/usv4.xat.ro\/","name":"Muncitori straini","description":"","publisher":{"@id":"https:\/\/usv4.xat.ro\/#organization"},"potentialAction":[{"@type":"SearchAction","target":{"@type":"EntryPoint","urlTemplate":"https:\/\/usv4.xat.ro\/?s={search_term_string}"},"query-input":{"@type":"PropertyValueSpecification","valueRequired":true,"valueName":"search_term_string"}}],"inLanguage":"ro-RO"},{"@type":"Organization","@id":"https:\/\/usv4.xat.ro\/#organization","name":"Muncitori straini","url":"https:\/\/usv4.xat.ro\/","logo":{"@type":"ImageObject","inLanguage":"ro-RO","@id":"https:\/\/usv4.xat.ro\/#\/schema\/logo\/image\/","url":"https:\/\/usv4.xat.ro\/wp-content\/uploads\/2025\/07\/image-Photoroom.png","contentUrl":"https:\/\/usv4.xat.ro\/wp-content\/uploads\/2025\/07\/image-Photoroom.png","width":500,"height":500,"caption":"Muncitori straini"},"image":{"@id":"https:\/\/usv4.xat.ro\/#\/schema\/logo\/image\/"}}]}},"_links":{"self":[{"href":"https:\/\/usv4.xat.ro\/index.php\/wp-json\/wp\/v2\/pages\/398","targetHints":{"allow":["GET"]}}],"collection":[{"href":"https:\/\/usv4.xat.ro\/index.php\/wp-json\/wp\/v2\/pages"}],"about":[{"href":"https:\/\/usv4.xat.ro\/index.php\/wp-json\/wp\/v2\/types\/page"}],"author":[{"embeddable":true,"href":"https:\/\/usv4.xat.ro\/index.php\/wp-json\/wp\/v2\/users\/1"}],"replies":[{"embeddable":true,"href":"https:\/\/usv4.xat.ro\/index.php\/wp-json\/wp\/v2\/comments?post=398"}],"version-history":[{"count":26,"href":"https:\/\/usv4.xat.ro\/index.php\/wp-json\/wp\/v2\/pages\/398\/revisions"}],"predecessor-version":[{"id":1458,"href":"https:\/\/usv4.xat.ro\/index.php\/wp-json\/wp\/v2\/pages\/398\/revisions\/1458"}],"wp:featuredmedia":[{"embeddable":true,"href":"https:\/\/usv4.xat.ro\/index.php\/wp-json\/wp\/v2\/media\/342"}],"wp:attachment":[{"href":"https:\/\/usv4.xat.ro\/index.php\/wp-json\/wp\/v2\/media?parent=398"}],"curies":[{"name":"wp","href":"https:\/\/api.w.org\/{rel}","templated":true}]}}